{"id":282,"date":"2020-07-13T16:16:00","date_gmt":"2020-07-13T16:16:00","guid":{"rendered":"https:\/\/arq2525.pt\/?page_id=282"},"modified":"2023-09-23T18:34:34","modified_gmt":"2023-09-23T18:34:34","slug":"hotelaria-e-turismo","status":"publish","type":"page","link":"https:\/\/arq2525.pt\/?page_id=282","title":{"rendered":"hotelaria e turismo"},"content":{"rendered":"\t\t<div data-elementor-type=\"wp-page\" data-elementor-id=\"282\" class=\"elementor elementor-282\">\n\t\t\t\t\t\t\t\t\t<section class=\"elementor-section elementor-top-section elementor-element elementor-element-7351348 elementor-section-boxed elementor-section-height-default elementor-section-height-default\" data-id=\"7351348\" data-element_type=\"section\">\n\t\t\t\t\t\t<div class=\"elementor-container elementor-column-gap-no\">\n\t\t\t\t\t<div class=\"elementor-column elementor-col-100 elementor-top-column elementor-element elementor-element-2ee130c9\" data-id=\"2ee130c9\" data-element_type=\"column\">\n\t\t\t<div class=\"elementor-widget-wrap elementor-element-populated\">\n\t\t\t\t\t\t\t\t<div class=\"elementor-element elementor-element-10a2de9 animated-slow elementor-invisible elementor-widget elementor-widget-heading\" data-id=\"10a2de9\" data-element_type=\"widget\" data-settings=\"{&quot;_animation&quot;:&quot;fadeIn&quot;,&quot;_animation_delay&quot;:1200}\" data-widget_type=\"heading.default\">\n\t\t\t\t<div class=\"elementor-widget-container\">\n\t\t\t<h2 class=\"elementor-heading-title elementor-size-default\">hotelaria e turismo<\/h2>\t\t<\/div>\n\t\t\t\t<\/div>\n\t\t\t\t\t<\/div>\n\t\t<\/div>\n\t\t\t\t\t\t\t<\/div>\n\t\t<\/section>\n\t\t\t\t<section class=\"elementor-section elementor-top-section elementor-element elementor-element-3256ae0 elementor-section-full_width elementor-section-height-min-height animated-slow elementor-section-height-default elementor-section-items-middle elementor-invisible\" data-id=\"3256ae0\" data-element_type=\"section\" data-settings=\"{&quot;animation&quot;:&quot;fadeIn&quot;,&quot;animation_delay&quot;:1200}\">\n\t\t\t\t\t\t<div class=\"elementor-container elementor-column-gap-no\">\n\t\t\t\t\t<div class=\"elementor-column elementor-col-100 elementor-top-column elementor-element elementor-element-ae7fa16\" data-id=\"ae7fa16\" data-element_type=\"column\">\n\t\t\t<div class=\"elementor-widget-wrap elementor-element-populated\">\n\t\t\t\t\t\t\t\t<div class=\"elementor-element elementor-element-77f811c elementor-hidden-desktop elementor-widget elementor-widget-eael-image-accordion\" data-id=\"77f811c\" data-element_type=\"widget\" data-widget_type=\"eael-image-accordion.default\">\n\t\t\t\t<div class=\"elementor-widget-container\">\n\t\t\t    <div class=\"eael-img-accordion accordion-direction-horizontal eael-img-accordion-horizontal-align-center eael-img-accordion-vertical-align-center\" id=\"eael-img-accordion-77f811c\" data-img-accordion-id=\"77f811c\" data-img-accordion-type=\"on-click\">\n                    \n            <a href=\"https:\/\/arq2525.pt\/?page_id=986\" class=\"eael-image-accordion-hover\" style=\"background-image: url(https:\/\/arq2525.pt\/wp-content\/uploads\/2020\/10\/1-4-scaled.jpg);\"  tabindex=\"0\">\n            <div class=\"overlay\">\n                <div class=\"overlay-inner\">\n                    <div class=\"overlay-inner \">\n                        <div class=\"img-accordion-title\">Boeira Garden Hotel Porto Gaia<\/div>                            <p><p>Vila Nova de Gaia<\/p><\/p>\n                                            <\/div>\n                <\/div>\n            <\/div>\n            <\/a>\n                    \n            <a href=\"https:\/\/arq2525.pt\/?page_id=513\" class=\"eael-image-accordion-hover\" style=\"background-image: url(https:\/\/arq2525.pt\/wp-content\/uploads\/2020\/10\/Moradias-Turisticas-Portimao2.jpg);\"  tabindex=\"1\">\n            <div class=\"overlay\">\n                <div class=\"overlay-inner\">\n                    <div class=\"overlay-inner \">\n                        <div class=\"img-accordion-title\">Moradias Tur\u00edsticas<\/div>                            <p><p>Portim\u00e3o<\/p><\/p>\n                                            <\/div>\n                <\/div>\n            <\/div>\n            <\/a>\n                    \n            <a href=\"https:\/\/arq2525.pt\/?page_id=1010\" class=\"eael-image-accordion-hover\" style=\"background-image: url(https:\/\/arq2525.pt\/wp-content\/uploads\/2020\/10\/2-4-scaled.jpg);\"  tabindex=\"2\">\n            <div class=\"overlay\">\n                <div class=\"overlay-inner\">\n                    <div class=\"overlay-inner \">\n                        <div class=\"img-accordion-title\">Portas do Ilheu<\/div>                            <p><p>Graciosa, A\u00e7ores<\/p><\/p>\n                                            <\/div>\n                <\/div>\n            <\/div>\n            <\/a>\n                    \n            <a href=\"https:\/\/arq2525.pt\/?page_id=1018\" class=\"eael-image-accordion-hover\" style=\"background-image: url(https:\/\/arq2525.pt\/wp-content\/uploads\/2020\/10\/3-4.jpg);\"  tabindex=\"3\">\n            <div class=\"overlay\">\n                <div class=\"overlay-inner\">\n                    <div class=\"overlay-inner \">\n                        <div class=\"img-accordion-title\">Hotel Platano<\/div>                            <p><p>F\u00e1tima<\/p><\/p>\n                                            <\/div>\n                <\/div>\n            <\/div>\n            <\/a>\n                    \n            <a href=\"https:\/\/arq2525.pt\/?page_id=1026\" class=\"eael-image-accordion-hover\" style=\"background-image: url(https:\/\/arq2525.pt\/wp-content\/uploads\/2020\/10\/1-8.jpg);\"  tabindex=\"4\">\n            <div class=\"overlay\">\n                <div class=\"overlay-inner\">\n                    <div class=\"overlay-inner \">\n                        <div class=\"img-accordion-title\">Quinta do Negral<\/div>                            <p><p>Ger\u00eas<\/p><\/p>\n                                            <\/div>\n                <\/div>\n            <\/div>\n            <\/a>\n                    \n            <a href=\"https:\/\/arq2525.pt\/?page_id=1462\" class=\"eael-image-accordion-hover\" style=\"background-image: url(https:\/\/arq2525.pt\/wp-content\/uploads\/2023\/09\/01-2.jpg);\"  tabindex=\"5\">\n            <div class=\"overlay\">\n                <div class=\"overlay-inner\">\n                    <div class=\"overlay-inner \">\n                        <div class=\"img-accordion-title\">Hilton Porto Gaia<\/div>                            <p><p>Vila Nova de Gaia<\/p><\/p>\n                                            <\/div>\n                <\/div>\n            <\/div>\n            <\/a>\n                    \n            <a href=\"http:\/\/arq2525.pt\/?page_id=1477\" class=\"eael-image-accordion-hover\" style=\"background-image: url(https:\/\/arq2525.pt\/wp-content\/uploads\/2023\/09\/20210924_113859_1.jpg);\"  tabindex=\"6\">\n            <div class=\"overlay\">\n                <div class=\"overlay-inner\">\n                    <div class=\"overlay-inner \">\n                        <div class=\"img-accordion-title\">The Lodge Porto Hotel<\/div>                            <p><p>Vila Nova de Gaia<\/p><\/p>\n                                            <\/div>\n                <\/div>\n            <\/div>\n            <\/a>\n                    \n            <a href=\"https:\/\/arq2525.pt\/?page_id=1501\" class=\"eael-image-accordion-hover\" style=\"background-image: url(https:\/\/arq2525.pt\/wp-content\/uploads\/2023\/09\/01-1-scaled.jpg);\"  tabindex=\"7\">\n            <div class=\"overlay\">\n                <div class=\"overlay-inner\">\n                    <div class=\"overlay-inner \">\n                        <div class=\"img-accordion-title\">Wine &amp; Books Porto Hotel<\/div>                            <p><p>Porto<\/p><\/p>\n                                            <\/div>\n                <\/div>\n            <\/div>\n            <\/a>\n                <\/div>\n        \t\t<\/div>\n\t\t\t\t<\/div>\n\t\t\t\t<div class=\"elementor-element elementor-element-a9b6224 elementor-hidden-tablet elementor-hidden-phone elementor-widget elementor-widget-eael-image-accordion\" data-id=\"a9b6224\" data-element_type=\"widget\" data-widget_type=\"eael-image-accordion.default\">\n\t\t\t\t<div class=\"elementor-widget-container\">\n\t\t\t    <div class=\"eael-img-accordion accordion-direction-horizontal eael-img-accordion-horizontal-align-center eael-img-accordion-vertical-align-center\" id=\"eael-img-accordion-a9b6224\" data-img-accordion-id=\"a9b6224\" data-img-accordion-type=\"on-hover\">\n                    \n            <a href=\"https:\/\/arq2525.pt\/?page_id=986\" class=\"eael-image-accordion-hover\" style=\"background-image: url(https:\/\/arq2525.pt\/wp-content\/uploads\/2020\/10\/1-4-scaled.jpg);\"  tabindex=\"0\">\n            <div class=\"overlay\">\n                <div class=\"overlay-inner\">\n                    <div class=\"overlay-inner \">\n                        <div class=\"img-accordion-title\">Boeira Garden Hotel Porto Gaia<\/div>                            <p><p>Curio Collection by Hilton<\/p><p>Vila Nova de Gaia<\/p><\/p>\n                                            <\/div>\n                <\/div>\n            <\/div>\n            <\/a>\n                    \n            <a href=\"https:\/\/arq2525.pt\/?page_id=513\" class=\"eael-image-accordion-hover\" style=\"background-image: url(https:\/\/arq2525.pt\/wp-content\/uploads\/2020\/10\/Moradias-Turisticas-Portimao2.jpg);\"  tabindex=\"1\">\n            <div class=\"overlay\">\n                <div class=\"overlay-inner\">\n                    <div class=\"overlay-inner \">\n                        <div class=\"img-accordion-title\">Moradias Tur\u00edsticas<\/div>                            <p><p>Portim\u00e3o<\/p><\/p>\n                                            <\/div>\n                <\/div>\n            <\/div>\n            <\/a>\n                    \n            <a href=\"https:\/\/arq2525.pt\/?page_id=1010\" class=\"eael-image-accordion-hover\" style=\"background-image: url(https:\/\/arq2525.pt\/wp-content\/uploads\/2020\/10\/2-4-scaled.jpg);\"  tabindex=\"2\">\n            <div class=\"overlay\">\n                <div class=\"overlay-inner\">\n                    <div class=\"overlay-inner \">\n                        <div class=\"img-accordion-title\">Portas do Ilheu<\/div>                            <p><p>Graciosa, A\u00e7ores<\/p><\/p>\n                                            <\/div>\n                <\/div>\n            <\/div>\n            <\/a>\n                    \n            <a href=\"https:\/\/arq2525.pt\/?page_id=1018\" class=\"eael-image-accordion-hover\" style=\"background-image: url(https:\/\/arq2525.pt\/wp-content\/uploads\/2020\/10\/3-4.jpg);\"  tabindex=\"3\">\n            <div class=\"overlay\">\n                <div class=\"overlay-inner\">\n                    <div class=\"overlay-inner \">\n                        <div class=\"img-accordion-title\">Hotel Platano<\/div>                            <p><p>F\u00e1tima<\/p><\/p>\n                                            <\/div>\n                <\/div>\n            <\/div>\n            <\/a>\n                    \n            <a href=\"https:\/\/arq2525.pt\/?page_id=1026\" class=\"eael-image-accordion-hover\" style=\"background-image: url(https:\/\/arq2525.pt\/wp-content\/uploads\/2020\/10\/1-8.jpg);\"  tabindex=\"4\">\n            <div class=\"overlay\">\n                <div class=\"overlay-inner\">\n                    <div class=\"overlay-inner \">\n                        <div class=\"img-accordion-title\">Quinta do Negral<\/div>                            <p><p>Ger\u00eas<\/p><\/p>\n                                            <\/div>\n                <\/div>\n            <\/div>\n            <\/a>\n                    \n            <a href=\"https:\/\/arq2525.pt\/?page_id=1462\" class=\"eael-image-accordion-hover\" style=\"background-image: url(https:\/\/arq2525.pt\/wp-content\/uploads\/2023\/09\/01-2.jpg);\"  tabindex=\"5\">\n            <div class=\"overlay\">\n                <div class=\"overlay-inner\">\n                    <div class=\"overlay-inner \">\n                        <div class=\"img-accordion-title\">Hilton Porto Gaia<\/div>                            <p><p>Vila Nova de Gaia<\/p><\/p>\n                                            <\/div>\n                <\/div>\n            <\/div>\n            <\/a>\n                    \n            <a href=\"http:\/\/arq2525.pt\/?page_id=1477\" class=\"eael-image-accordion-hover\" style=\"background-image: url(https:\/\/arq2525.pt\/wp-content\/uploads\/2023\/09\/20210924_113859_1.jpg);\"  tabindex=\"6\">\n            <div class=\"overlay\">\n                <div class=\"overlay-inner\">\n                    <div class=\"overlay-inner \">\n                        <div class=\"img-accordion-title\">The Lodge Porto Hotel<\/div>                            <p><p>Vila Nova de Gaia<\/p><\/p>\n                                            <\/div>\n                <\/div>\n            <\/div>\n            <\/a>\n                    \n            <a href=\"https:\/\/arq2525.pt\/?page_id=1501\" class=\"eael-image-accordion-hover\" style=\"background-image: url(https:\/\/arq2525.pt\/wp-content\/uploads\/2023\/09\/03.jpg);\"  tabindex=\"7\">\n            <div class=\"overlay\">\n                <div class=\"overlay-inner\">\n                    <div class=\"overlay-inner \">\n                        <div class=\"img-accordion-title\">Wine &amp; Books Porto Hotel<\/div>                            <p><p>Porto<\/p><\/p>\n                                            <\/div>\n                <\/div>\n            <\/div>\n            <\/a>\n                <\/div>\n        <style typr=\"text\/css\">\n                    #eael-img-accordion-a9b6224 .eael-image-accordion-hover:hover {\n                        flex: 3 1 0% !important;\n                    }\n                    #eael-img-accordion-a9b6224 .eael-image-accordion-hover:hover:hover .overlay-inner * {\n                        opacity: 1;\n                        visibility: visible;\n                        transform: none;\n                        transition: all .3s .3s;\n                    }\n                <\/style>\t\t<\/div>\n\t\t\t\t<\/div>\n\t\t\t\t\t<\/div>\n\t\t<\/div>\n\t\t\t\t\t\t\t<\/div>\n\t\t<\/section>\n\t\t\t\t<section class=\"elementor-section elementor-top-section elementor-element elementor-element-48f7c3d elementor-section-full_width animated-slow elementor-section-height-default elementor-section-height-default elementor-invisible\" data-id=\"48f7c3d\" data-element_type=\"section\" data-settings=\"{&quot;animation&quot;:&quot;fadeIn&quot;,&quot;animation_delay&quot;:1400}\">\n\t\t\t\t\t\t<div class=\"elementor-container elementor-column-gap-default\">\n\t\t\t\t\t<div class=\"elementor-column elementor-col-100 elementor-top-column elementor-element elementor-element-bcbbcbf\" data-id=\"bcbbcbf\" data-element_type=\"column\">\n\t\t\t<div class=\"elementor-widget-wrap elementor-element-populated\">\n\t\t\t\t\t\t\t\t<div class=\"elementor-element elementor-element-0b19e98 elementor-widget elementor-widget-text-editor\" data-id=\"0b19e98\" data-element_type=\"widget\" data-widget_type=\"text-editor.default\">\n\t\t\t\t<div class=\"elementor-widget-container\">\n\t\t\t\t\t\t\t<p style=\"text-align: center;\"><a href=\"https:\/\/arq2525.pt\/?page_id=282\">hotelaria e turismo<\/a>\u00a0\u00a0\u00a0 |\u00a0\u00a0\u00a0 <a href=\"https:\/\/arq2525.pt\/?page_id=284\">equipamentos e servi\u00e7os<\/a>\u00a0\u00a0 |\u00a0\u00a0\u00a0 <a href=\"https:\/\/arq2525.pt\/?page_id=704\">com\u00e9rcio e ind\u00fastria<\/a> \u00a0\u00a0 |\u00a0\u00a0\u00a0 <a href=\"https:\/\/arq2525.pt\/?page_id=286\">habita\u00e7\u00e3o multifamiliar<\/a>\u00a0\u00a0\u00a0 |\u00a0\u00a0\u00a0 <a href=\"https:\/\/arq2525.pt\/?page_id=288\">habita\u00e7\u00e3o unifamiliar<\/a><\/p>\t\t\t\t\t\t<\/div>\n\t\t\t\t<\/div>\n\t\t\t\t\t<\/div>\n\t\t<\/div>\n\t\t\t\t\t\t\t<\/div>\n\t\t<\/section>\n\t\t\t\t\t\t\t<\/div>\n\t\t","protected":false},"excerpt":{"rendered":"<p>hotelaria e turismo Boeira Garden Hotel Porto Gaia Vila Nova de Gaia Moradias Tur\u00edsticas Portim\u00e3o Portas do Ilheu Graciosa, A\u00e7ores Hotel Platano F\u00e1tima Quinta do Negral Ger\u00eas Hilton Porto Gaia Vila Nova de Gaia The Lodge Porto Hotel Vila Nova de Gaia Wine &amp; Books Porto Hotel Porto Boeira Garden Hotel Porto Gaia Curio Collection [&hellip;]<\/p>\n","protected":false},"author":1,"featured_media":0,"parent":60,"menu_order":1,"comment_status":"closed","ping_status":"closed","template":"elementor_canvas","meta":{"footnotes":""},"_links":{"self":[{"href":"https:\/\/arq2525.pt\/index.php?rest_route=\/wp\/v2\/pages\/282"}],"collection":[{"href":"https:\/\/arq2525.pt\/index.php?rest_route=\/wp\/v2\/pages"}],"about":[{"href":"https:\/\/arq2525.pt\/index.php?rest_route=\/wp\/v2\/types\/page"}],"author":[{"embeddable":true,"href":"https:\/\/arq2525.pt\/index.php?rest_route=\/wp\/v2\/users\/1"}],"replies":[{"embeddable":true,"href":"https:\/\/arq2525.pt\/index.php?rest_route=%2Fwp%2Fv2%2Fcomments&post=282"}],"version-history":[{"count":172,"href":"https:\/\/arq2525.pt\/index.php?rest_route=\/wp\/v2\/pages\/282\/revisions"}],"predecessor-version":[{"id":1521,"href":"https:\/\/arq2525.pt\/index.php?rest_route=\/wp\/v2\/pages\/282\/revisions\/1521"}],"up":[{"embeddable":true,"href":"https:\/\/arq2525.pt\/index.php?rest_route=\/wp\/v2\/pages\/60"}],"wp:attachment":[{"href":"https:\/\/arq2525.pt\/index.php?rest_route=%2Fwp%2Fv2%2Fmedia&parent=282"}],"curies":[{"name":"wp","href":"https:\/\/api.w.org\/{rel}","templated":true}]}}