{"id":288,"date":"2020-07-13T16:17:43","date_gmt":"2020-07-13T16:17:43","guid":{"rendered":"https:\/\/arq2525.pt\/?page_id=288"},"modified":"2021-01-03T20:09:48","modified_gmt":"2021-01-03T20:09:48","slug":"habitacao-unifamiliar","status":"publish","type":"page","link":"https:\/\/arq2525.pt\/?page_id=288","title":{"rendered":"habita\u00e7\u00e3o unifamiliar"},"content":{"rendered":"\t\t<div data-elementor-type=\"wp-page\" data-elementor-id=\"288\" class=\"elementor elementor-288\">\n\t\t\t\t\t\t\t\t\t<section class=\"elementor-section elementor-top-section elementor-element elementor-element-95df167 elementor-section-boxed elementor-section-height-default elementor-section-height-default\" data-id=\"95df167\" data-element_type=\"section\">\n\t\t\t\t\t\t<div class=\"elementor-container elementor-column-gap-no\">\n\t\t\t\t\t<div class=\"elementor-column elementor-col-100 elementor-top-column elementor-element elementor-element-1799ebb\" data-id=\"1799ebb\" data-element_type=\"column\">\n\t\t\t<div class=\"elementor-widget-wrap elementor-element-populated\">\n\t\t\t\t\t\t\t\t<div class=\"elementor-element elementor-element-c32a80f animated-slow elementor-invisible elementor-widget elementor-widget-heading\" data-id=\"c32a80f\" data-element_type=\"widget\" data-settings=\"{&quot;_animation&quot;:&quot;fadeIn&quot;,&quot;_animation_delay&quot;:1200}\" data-widget_type=\"heading.default\">\n\t\t\t\t<div class=\"elementor-widget-container\">\n\t\t\t<h2 class=\"elementor-heading-title elementor-size-default\">habita\u00e7\u00e3o unifamiliar<\/h2>\t\t<\/div>\n\t\t\t\t<\/div>\n\t\t\t\t\t<\/div>\n\t\t<\/div>\n\t\t\t\t\t\t\t<\/div>\n\t\t<\/section>\n\t\t\t\t<section class=\"elementor-section elementor-top-section elementor-element elementor-element-03290fa elementor-section-full_width elementor-section-height-min-height animated-slow elementor-section-height-default elementor-section-items-middle elementor-invisible\" data-id=\"03290fa\" data-element_type=\"section\" data-settings=\"{&quot;animation&quot;:&quot;fadeIn&quot;,&quot;animation_delay&quot;:1200}\">\n\t\t\t\t\t\t<div class=\"elementor-container elementor-column-gap-no\">\n\t\t\t\t\t<div class=\"elementor-column elementor-col-100 elementor-top-column elementor-element elementor-element-6cf8a99\" data-id=\"6cf8a99\" data-element_type=\"column\">\n\t\t\t<div class=\"elementor-widget-wrap elementor-element-populated\">\n\t\t\t\t\t\t\t\t<div class=\"elementor-element elementor-element-b9c9a36 elementor-hidden-desktop elementor-widget elementor-widget-eael-image-accordion\" data-id=\"b9c9a36\" data-element_type=\"widget\" data-widget_type=\"eael-image-accordion.default\">\n\t\t\t\t<div class=\"elementor-widget-container\">\n\t\t\t    <div class=\"eael-img-accordion accordion-direction-horizontal eael-img-accordion-horizontal-align-center eael-img-accordion-vertical-align-center\" id=\"eael-img-accordion-b9c9a36\" data-img-accordion-id=\"b9c9a36\" data-img-accordion-type=\"on-click\">\n                    \n            <a href=\"https:\/\/arq2525.pt\/?page_id=765\" class=\"eael-image-accordion-hover\" style=\"background-image: url(https:\/\/arq2525.pt\/wp-content\/uploads\/2020\/10\/Casa-Do-Ermo-Fafe3-scaled.jpg);\"  tabindex=\"0\">\n            <div class=\"overlay\">\n                <div class=\"overlay-inner\">\n                    <div class=\"overlay-inner \">\n                        <div class=\"img-accordion-title\">Casa Do Ermo<\/div>                            <p><p>Fafe<\/p><\/p>\n                                            <\/div>\n                <\/div>\n            <\/div>\n            <\/a>\n                    \n            <a href=\"https:\/\/arq2525.pt\/?page_id=1046\" class=\"eael-image-accordion-hover\" style=\"background-image: url(https:\/\/arq2525.pt\/wp-content\/uploads\/2020\/10\/1-9.jpg);\"  tabindex=\"1\">\n            <div class=\"overlay\">\n                <div class=\"overlay-inner\">\n                    <div class=\"overlay-inner \">\n                        <div class=\"img-accordion-title\">Moradia CB<\/div>                            <p><p>Graciosa, A\u00e7ores<\/p><\/p>\n                                            <\/div>\n                <\/div>\n            <\/div>\n            <\/a>\n                    \n            <a href=\"https:\/\/arq2525.pt\/?page_id=1067\" class=\"eael-image-accordion-hover\" style=\"background-image: url(https:\/\/arq2525.pt\/wp-content\/uploads\/2020\/10\/1.jpeg);\"  tabindex=\"2\">\n            <div class=\"overlay\">\n                <div class=\"overlay-inner\">\n                    <div class=\"overlay-inner \">\n                        <div class=\"img-accordion-title\">Moradia AG<\/div>                            <p><p>Vila Nova de Gaia<\/p><\/p>\n                                            <\/div>\n                <\/div>\n            <\/div>\n            <\/a>\n                <\/div>\n        \t\t<\/div>\n\t\t\t\t<\/div>\n\t\t\t\t<div class=\"elementor-element elementor-element-7be6ac1 elementor-hidden-tablet elementor-hidden-phone elementor-widget elementor-widget-eael-image-accordion\" data-id=\"7be6ac1\" data-element_type=\"widget\" data-widget_type=\"eael-image-accordion.default\">\n\t\t\t\t<div class=\"elementor-widget-container\">\n\t\t\t    <div class=\"eael-img-accordion accordion-direction-horizontal eael-img-accordion-horizontal-align-center eael-img-accordion-vertical-align-center\" id=\"eael-img-accordion-7be6ac1\" data-img-accordion-id=\"7be6ac1\" data-img-accordion-type=\"on-hover\">\n                    \n            <a href=\"https:\/\/arq2525.pt\/?page_id=765\" class=\"eael-image-accordion-hover\" style=\"background-image: url(https:\/\/arq2525.pt\/wp-content\/uploads\/2020\/10\/Casa-Do-Ermo-Fafe3-scaled.jpg);\"  tabindex=\"0\">\n            <div class=\"overlay\">\n                <div class=\"overlay-inner\">\n                    <div class=\"overlay-inner \">\n                        <div class=\"img-accordion-title\">Casa Do Ermo<\/div>                            <p><p>Fafe<\/p><\/p>\n                                            <\/div>\n                <\/div>\n            <\/div>\n            <\/a>\n                    \n            <a href=\"https:\/\/arq2525.pt\/?page_id=1046\" class=\"eael-image-accordion-hover\" style=\"background-image: url(https:\/\/arq2525.pt\/wp-content\/uploads\/2020\/10\/1-9.jpg);\"  tabindex=\"1\">\n            <div class=\"overlay\">\n                <div class=\"overlay-inner\">\n                    <div class=\"overlay-inner \">\n                        <div class=\"img-accordion-title\">Moradia CB<\/div>                            <p><p>Graciosa, A\u00e7ores<\/p><\/p>\n                                            <\/div>\n                <\/div>\n            <\/div>\n            <\/a>\n                    \n            <a href=\"https:\/\/arq2525.pt\/?page_id=1067\" class=\"eael-image-accordion-hover\" style=\"background-image: url(https:\/\/arq2525.pt\/wp-content\/uploads\/2020\/10\/1.jpeg);\"  tabindex=\"2\">\n            <div class=\"overlay\">\n                <div class=\"overlay-inner\">\n                    <div class=\"overlay-inner \">\n                        <div class=\"img-accordion-title\">Moradia AG<\/div>                            <p><p>Vila Nova de Gaia<\/p><\/p>\n                                            <\/div>\n                <\/div>\n            <\/div>\n            <\/a>\n                <\/div>\n        <style typr=\"text\/css\">\n                    #eael-img-accordion-7be6ac1 .eael-image-accordion-hover:hover {\n                        flex: 3 1 0% !important;\n                    }\n                    #eael-img-accordion-7be6ac1 .eael-image-accordion-hover:hover:hover .overlay-inner * {\n                        opacity: 1;\n                        visibility: visible;\n                        transform: none;\n                        transition: all .3s .3s;\n                    }\n                <\/style>\t\t<\/div>\n\t\t\t\t<\/div>\n\t\t\t\t\t<\/div>\n\t\t<\/div>\n\t\t\t\t\t\t\t<\/div>\n\t\t<\/section>\n\t\t\t\t<section class=\"elementor-section elementor-top-section elementor-element elementor-element-212a18a elementor-section-full_width animated-slow elementor-section-height-default elementor-section-height-default elementor-invisible\" data-id=\"212a18a\" data-element_type=\"section\" data-settings=\"{&quot;animation&quot;:&quot;fadeIn&quot;,&quot;animation_delay&quot;:1400}\">\n\t\t\t\t\t\t<div class=\"elementor-container elementor-column-gap-default\">\n\t\t\t\t\t<div class=\"elementor-column elementor-col-100 elementor-top-column elementor-element elementor-element-ad551f0\" data-id=\"ad551f0\" data-element_type=\"column\">\n\t\t\t<div class=\"elementor-widget-wrap elementor-element-populated\">\n\t\t\t\t\t\t\t\t<div class=\"elementor-element elementor-element-d3de15f elementor-widget elementor-widget-text-editor\" data-id=\"d3de15f\" data-element_type=\"widget\" data-widget_type=\"text-editor.default\">\n\t\t\t\t<div class=\"elementor-widget-container\">\n\t\t\t\t\t\t\t<p style=\"text-align: center;\"><a href=\"https:\/\/arq2525.pt\/?page_id=282\">hotelaria e turismo<\/a>\u00a0\u00a0\u00a0 |\u00a0\u00a0\u00a0 <a href=\"https:\/\/arq2525.pt\/?page_id=284\">equipamentos e servi\u00e7os<\/a>\u00a0\u00a0 |\u00a0\u00a0\u00a0 <a href=\"https:\/\/arq2525.pt\/?page_id=704\">com\u00e9rcio e ind\u00fastria<\/a> \u00a0\u00a0 |\u00a0\u00a0\u00a0 <a href=\"https:\/\/arq2525.pt\/?page_id=286\">habita\u00e7\u00e3o multifamiliar<\/a>\u00a0\u00a0\u00a0 |\u00a0\u00a0\u00a0 <a href=\"https:\/\/arq2525.pt\/?page_id=288\">habita\u00e7\u00e3o unifamiliar<\/a><\/p>\t\t\t\t\t\t<\/div>\n\t\t\t\t<\/div>\n\t\t\t\t\t<\/div>\n\t\t<\/div>\n\t\t\t\t\t\t\t<\/div>\n\t\t<\/section>\n\t\t\t\t\t\t\t<\/div>\n\t\t","protected":false},"excerpt":{"rendered":"<p>habita\u00e7\u00e3o unifamiliar Casa Do Ermo Fafe Moradia CB Graciosa, A\u00e7ores Moradia AG Vila Nova de Gaia Casa Do Ermo Fafe Moradia CB Graciosa, A\u00e7ores Moradia AG Vila Nova de Gaia hotelaria e turismo\u00a0\u00a0\u00a0 |\u00a0\u00a0\u00a0 equipamentos e servi\u00e7os\u00a0\u00a0 |\u00a0\u00a0\u00a0 com\u00e9rcio e ind\u00fastria \u00a0\u00a0 |\u00a0\u00a0\u00a0 habita\u00e7\u00e3o multifamiliar\u00a0\u00a0\u00a0 |\u00a0\u00a0\u00a0 habita\u00e7\u00e3o unifamiliar<\/p>\n","protected":false},"author":1,"featured_media":0,"parent":60,"menu_order":4,"comment_status":"closed","ping_status":"closed","template":"elementor_canvas","meta":{"footnotes":""},"_links":{"self":[{"href":"https:\/\/arq2525.pt\/index.php?rest_route=\/wp\/v2\/pages\/288"}],"collection":[{"href":"https:\/\/arq2525.pt\/index.php?rest_route=\/wp\/v2\/pages"}],"about":[{"href":"https:\/\/arq2525.pt\/index.php?rest_route=\/wp\/v2\/types\/page"}],"author":[{"embeddable":true,"href":"https:\/\/arq2525.pt\/index.php?rest_route=\/wp\/v2\/users\/1"}],"replies":[{"embeddable":true,"href":"https:\/\/arq2525.pt\/index.php?rest_route=%2Fwp%2Fv2%2Fcomments&post=288"}],"version-history":[{"count":20,"href":"https:\/\/arq2525.pt\/index.php?rest_route=\/wp\/v2\/pages\/288\/revisions"}],"predecessor-version":[{"id":1377,"href":"https:\/\/arq2525.pt\/index.php?rest_route=\/wp\/v2\/pages\/288\/revisions\/1377"}],"up":[{"embeddable":true,"href":"https:\/\/arq2525.pt\/index.php?rest_route=\/wp\/v2\/pages\/60"}],"wp:attachment":[{"href":"https:\/\/arq2525.pt\/index.php?rest_route=%2Fwp%2Fv2%2Fmedia&parent=288"}],"curies":[{"name":"wp","href":"https:\/\/api.w.org\/{rel}","templated":true}]}}